{"id":523,"date":"2025-12-17T14:18:06","date_gmt":"2025-12-17T14:18:06","guid":{"rendered":"https:\/\/www.lifesnap.ie\/accessibility-statement\/"},"modified":"2026-03-02T09:35:10","modified_gmt":"2026-03-02T09:35:10","slug":"accessibility-statement","status":"publish","type":"page","link":"https:\/\/www.lifesnap.ie\/ga\/accessibility-statement\/","title":{"rendered":"Inrochtaineacht"},"content":{"rendered":"\n<h2 class=\"wp-block-heading\">LIFE Strategic Nature Website<\/h2>\n\n\n\n<p>The LIFE SNaP Project is part of the Department of Housing, Local Government and Heritage \u2013 the Department of Housing, Local Government and Heritage is the Government Department responsible for housing and water, for physical and spatial planning, for local government, for weather forecasting and for built and natural heritage.<\/p>\n\n\n\n<p>The Department is committed to ensuring access for all. This accessibility statement explains how the Department, as the Service Provider, will endeavour to meet the requirements as set out in the Web Content Accessibility Guidelines Version 2.1 at AA Level as defined by the Web Accessibility Initiative.<\/p>\n\n\n\n<h3 class=\"wp-block-heading\"><strong>Our commitment and approach to maintaining an accessible website<\/strong><\/h3>\n\n\n\n<p>The Department is committed to:<\/p>\n\n\n\n<ul class=\"wp-block-list\">\n<li><strong>Maintaining an accessible website<\/strong> in accordance with the <a href=\"https:\/\/www.irishstatutebook.ie\/eli\/2020\/si\/358\/made\/en\/print\">European Union (Accessibility of Websites and Mobile Applications of Public Sector Bodies) Regulations.<\/a><\/li>\n\n\n\n<li>Ensuring that this website achieves \u201cLevel AA\u201d conformance to the Web Content Accessibility Guidelines (WCAG) 2.1, to comply with the National Disability Authority\u2019s Code of Practice on Accessibility of Public Services and Information Provided by Public Bodies. (The National Disability Authority\u2019s Centre for Excellence in Universal Design has an introduction to policy and legislation relevant to Universal Design in Ireland.)<\/li>\n\n\n\n<li>Ensuring that all new information on the website will achieve \u201cLevel AA\u201d conformance to the Web Content<br>Accessibility Guidelines (WCAG) 2.1.<\/li>\n\n\n\n<li><strong>Including accessibility when we procure<\/strong> 3rd-party systems or upgrades to existing systems.<\/li>\n<\/ul>\n\n\n\n<h3 class=\"wp-block-heading\"><strong>How we test for conformance with official accessibility guidelines<\/strong><\/h3>\n\n\n\n<p>The Department uses a range of techniques to help providing access for all. They include:<\/p>\n\n\n\n<ul class=\"wp-block-list\">\n<li>Automated Scanning: This provides a quick (but not complete) overview of issues that persons may encounter<\/li>\n\n\n\n<li>Guidance: Provision of guidance to content editors such as using Alternate Text<\/li>\n\n\n\n<li>Manual Review: Regularly performing manual review of each site and adjusting the site to help improve accessibility<\/li>\n<\/ul>\n\n\n\n<h3 class=\"wp-block-heading\"><strong>This website\u2019s conformance with official accessibility guidelines<\/strong><\/h3>\n\n\n\n<p>The website currently has <strong>partial<\/strong> conformance to the Web Content Accessibility Guidelines (WCAG) 2.1 at AA Level. Our most recent web accessibility audit for this website was on 17\/02\/2026.<\/p>\n\n\n\n<h3 class=\"wp-block-heading\"><strong>Areas for improvement and time-lines<\/strong><\/h3>\n\n\n\n<p>We are aware of some areas on the website where we could improve accessibility. We are currently working to achieve this.<\/p>\n\n\n\n<p>Areas for improvement, time-lines for improvement, and alternatives:<\/p>\n\n\n\n<ul class=\"wp-block-list\">\n<li>Footer content: Use left-aligned text for left-to-right languages, and right-aligned text for right-to-left languages<\/li>\n\n\n\n<li>Heading Sequence: The Heading structure will improve with logical sequencing starting with &lt;h1&gt;.<\/li>\n\n\n\n<li>The image contains text that is not accessible.<\/li>\n\n\n\n<li>Need improvement on focus outlining on the page.<\/li>\n<\/ul>\n\n\n\n<p>If you have problems using certain sections of this site, email us at <\/p>\n\n\n\n<h3 class=\"wp-block-heading\"><strong>How to send feedback on this website\u2019s accessibility<\/strong><\/h3>\n\n\n\n<p>We welcome feedback on the accessibility of this website.<\/p>\n\n\n\n<ul class=\"wp-block-list\">\n<li>Email us at <\/li>\n\n\n\n<li>Write to us at:<\/li>\n<\/ul>\n\n\n\n<pre class=\"wp-block-preformatted\">Department of Housing, Local Government and Heritage,\nNational Parks &amp; Wildlife Services,\nCustom House,\nDublin 1,\nD01 W6X0\n    <\/pre>\n\n\n\n<h3 class=\"wp-block-heading\"><strong>Accessibility features of this website<\/strong><\/h3>\n\n\n\n<p>A large number of techniques are used to enable the site become accessible for all. The process is ongoing as content changes and the structure of the site changes. Some of the accessible features on this site include (but not limited to) the following:<\/p>\n\n\n\n<h4 class=\"wp-block-heading\">Accessibility Features<\/h4>\n\n\n\n<ul class=\"wp-block-list\">\n<li>Alt Text: All Images where appropriate have suitable Alt text to provide a descriptive element to the image portrayed<\/li>\n\n\n\n<li>Heading Outline Hierarchy: Logical sense applied to headings where possible H1, H2, H3<\/li>\n\n\n\n<li>Descriptive Links: Links and Buttons have descriptive elements or Aria labels where those elements are cannot be provided<\/li>\n\n\n\n<li>Contrast: Reasonable minimums in difference with relation to contrast between foreground elements and background elements<\/li>\n\n\n\n<li>Navigability: Logical structure applied to the website to ensure the site can be used without a mouse<\/li>\n\n\n\n<li>ARIA Landmarks: A large variety of aria- landmarks applied to aid in accessibility<\/li>\n<\/ul>\n\n\n\n<p>This list is not exhaustive.<\/p>\n","protected":false},"excerpt":{"rendered":"<p>LIFE Strategic Nature Website The LIFE SNaP Project is part of the Department of Housing, Local Government and Heritage \u2013 [&hellip;]<\/p>\n","protected":false},"author":3,"featured_media":0,"parent":0,"menu_order":0,"comment_status":"closed","ping_status":"closed","template":"","meta":{"_uag_custom_page_level_css":"","site-sidebar-layout":"default","site-content-layout":"","ast-site-content-layout":"default","site-content-style":"default","site-sidebar-style":"default","ast-global-header-display":"","ast-banner-title-visibility":"","ast-main-header-display":"","ast-hfb-above-header-display":"","ast-hfb-below-header-display":"","ast-hfb-mobile-header-display":"","site-post-title":"","ast-breadcrumbs-content":"","ast-featured-img":"","footer-sml-layout":"","ast-disable-related-posts":"","theme-transparent-header-meta":"","adv-header-id-meta":"","stick-header-meta":"","header-above-stick-meta":"","header-main-stick-meta":"","header-below-stick-meta":"","astra-migrate-meta-layouts":"default","ast-page-background-enabled":"default","ast-page-background-meta":{"desktop":{"background-color":"var(--ast-global-color-5)","background-image":"","background-repeat":"repeat","background-position":"center center","background-size":"auto","background-attachment":"scroll","background-type":"","background-media":"","overlay-type":"","overlay-color":"","overlay-opacity":"","overlay-gradient":""},"tablet":{"background-color":"","background-image":"","background-repeat":"repeat","background-position":"center center","background-size":"auto","background-attachment":"scroll","background-type":"","background-media":"","overlay-type":"","overlay-color":"","overlay-opacity":"","overlay-gradient":""},"mobile":{"background-color":"","background-image":"","background-repeat":"repeat","background-position":"center center","background-size":"auto","background-attachment":"scroll","background-type":"","background-media":"","overlay-type":"","overlay-color":"","overlay-opacity":"","overlay-gradient":""}},"ast-content-background-meta":{"desktop":{"background-color":"var(--ast-global-color-4)","background-image":"","background-repeat":"repeat","background-position":"center center","background-size":"auto","background-attachment":"scroll","background-type":"","background-media":"","overlay-type":"","overlay-color":"","overlay-opacity":"","overlay-gradient":""},"tablet":{"background-color":"var(--ast-global-color-4)","background-image":"","background-repeat":"repeat","background-position":"center center","background-size":"auto","background-attachment":"scroll","background-type":"","background-media":"","overlay-type":"","overlay-color":"","overlay-opacity":"","overlay-gradient":""},"mobile":{"background-color":"var(--ast-global-color-4)","background-image":"","background-repeat":"repeat","background-position":"center center","background-size":"auto","background-attachment":"scroll","background-type":"","background-media":"","overlay-type":"","overlay-color":"","overlay-opacity":"","overlay-gradient":""}},"footnotes":""},"class_list":["post-523","page","type-page","status-publish","hentry"],"yoast_head":"<!-- This site is optimized with the Yoast SEO plugin v27.3 - https:\/\/yoast.com\/product\/yoast-seo-wordpress\/ -->\n<title>Inrochtaineacht - LIFE Strategic Nature<\/title>\n<meta name=\"robots\" content=\"index, follow, max-snippet:-1, max-image-preview:large, max-video-preview:-1\" \/>\n<link rel=\"canonical\" href=\"https:\/\/www.lifesnap.ie\/ga\/accessibility-statement\/\" \/>\n<meta property=\"og:locale\" content=\"en_US\" \/>\n<meta property=\"og:type\" content=\"article\" \/>\n<meta property=\"og:title\" content=\"Inrochtaineacht - LIFE Strategic Nature\" \/>\n<meta property=\"og:description\" content=\"LIFE Strategic Nature Website The LIFE SNaP Project is part of the Department of Housing, Local Government and Heritage \u2013 [&hellip;]\" \/>\n<meta property=\"og:url\" content=\"https:\/\/www.lifesnap.ie\/ga\/accessibility-statement\/\" \/>\n<meta property=\"og:site_name\" content=\"LIFE Strategic Nature\" \/>\n<meta property=\"article:modified_time\" content=\"2026-03-02T09:35:10+00:00\" \/>\n<meta name=\"twitter:card\" content=\"summary_large_image\" \/>\n<meta name=\"twitter:label1\" content=\"Est. reading time\" \/>\n\t<meta name=\"twitter:data1\" content=\"3 minutes\" \/>\n<script type=\"application\/ld+json\" class=\"yoast-schema-graph\">{\"@context\":\"https:\\\/\\\/schema.org\",\"@graph\":[{\"@type\":\"WebPage\",\"@id\":\"https:\\\/\\\/www.lifesnap.ie\\\/ga\\\/accessibility-statement\\\/\",\"url\":\"https:\\\/\\\/www.lifesnap.ie\\\/ga\\\/accessibility-statement\\\/\",\"name\":\"Inrochtaineacht - LIFE Strategic Nature\",\"isPartOf\":{\"@id\":\"https:\\\/\\\/www.lifesnap.ie\\\/ga\\\/#website\"},\"datePublished\":\"2025-12-17T14:18:06+00:00\",\"dateModified\":\"2026-03-02T09:35:10+00:00\",\"breadcrumb\":{\"@id\":\"https:\\\/\\\/www.lifesnap.ie\\\/ga\\\/accessibility-statement\\\/#breadcrumb\"},\"inLanguage\":\"ga\",\"potentialAction\":[{\"@type\":\"ReadAction\",\"target\":[\"https:\\\/\\\/www.lifesnap.ie\\\/ga\\\/accessibility-statement\\\/\"]}]},{\"@type\":\"BreadcrumbList\",\"@id\":\"https:\\\/\\\/www.lifesnap.ie\\\/ga\\\/accessibility-statement\\\/#breadcrumb\",\"itemListElement\":[{\"@type\":\"ListItem\",\"position\":1,\"name\":\"Home\",\"item\":\"https:\\\/\\\/www.lifesnap.ie\\\/ga\\\/\"},{\"@type\":\"ListItem\",\"position\":2,\"name\":\"Inrochtaineacht\"}]},{\"@type\":\"WebSite\",\"@id\":\"https:\\\/\\\/www.lifesnap.ie\\\/ga\\\/#website\",\"url\":\"https:\\\/\\\/www.lifesnap.ie\\\/ga\\\/\",\"name\":\"LIFE Strategic Nature\",\"description\":\"Ag Tac\u00fa le Plean Athch\u00f3irithe N\u00e1isi\u00fanta na h\u00c9ireann\",\"publisher\":{\"@id\":\"https:\\\/\\\/www.lifesnap.ie\\\/ga\\\/#organization\"},\"potentialAction\":[{\"@type\":\"SearchAction\",\"target\":{\"@type\":\"EntryPoint\",\"urlTemplate\":\"https:\\\/\\\/www.lifesnap.ie\\\/ga\\\/?s={search_term_string}\"},\"query-input\":{\"@type\":\"PropertyValueSpecification\",\"valueRequired\":true,\"valueName\":\"search_term_string\"}}],\"inLanguage\":\"ga\"},{\"@type\":\"Organization\",\"@id\":\"https:\\\/\\\/www.lifesnap.ie\\\/ga\\\/#organization\",\"name\":\"LIFE Strategic Nature\",\"url\":\"https:\\\/\\\/www.lifesnap.ie\\\/ga\\\/\",\"logo\":{\"@type\":\"ImageObject\",\"inLanguage\":\"ga\",\"@id\":\"https:\\\/\\\/www.lifesnap.ie\\\/ga\\\/#\\\/schema\\\/logo\\\/image\\\/\",\"url\":\"https:\\\/\\\/www.lifesnap.ie\\\/app\\\/uploads\\\/2025\\\/12\\\/cropped-LIFE-Strategic-Nature-Logos-01.png\",\"contentUrl\":\"https:\\\/\\\/www.lifesnap.ie\\\/app\\\/uploads\\\/2025\\\/12\\\/cropped-LIFE-Strategic-Nature-Logos-01.png\",\"width\":1920,\"height\":748,\"caption\":\"LIFE Strategic Nature\"},\"image\":{\"@id\":\"https:\\\/\\\/www.lifesnap.ie\\\/ga\\\/#\\\/schema\\\/logo\\\/image\\\/\"}}]}<\/script>\n<!-- \/ Yoast SEO plugin. -->","yoast_head_json":{"title":"Inrochtaineacht - LIFE Strategic Nature","robots":{"index":"index","follow":"follow","max-snippet":"max-snippet:-1","max-image-preview":"max-image-preview:large","max-video-preview":"max-video-preview:-1"},"canonical":"https:\/\/www.lifesnap.ie\/ga\/accessibility-statement\/","og_locale":"en_US","og_type":"article","og_title":"Inrochtaineacht - LIFE Strategic Nature","og_description":"LIFE Strategic Nature Website The LIFE SNaP Project is part of the Department of Housing, Local Government and Heritage \u2013 [&hellip;]","og_url":"https:\/\/www.lifesnap.ie\/ga\/accessibility-statement\/","og_site_name":"LIFE Strategic Nature","article_modified_time":"2026-03-02T09:35:10+00:00","twitter_card":"summary_large_image","twitter_misc":{"Est. reading time":"3 minutes"},"schema":{"@context":"https:\/\/schema.org","@graph":[{"@type":"WebPage","@id":"https:\/\/www.lifesnap.ie\/ga\/accessibility-statement\/","url":"https:\/\/www.lifesnap.ie\/ga\/accessibility-statement\/","name":"Inrochtaineacht - LIFE Strategic Nature","isPartOf":{"@id":"https:\/\/www.lifesnap.ie\/ga\/#website"},"datePublished":"2025-12-17T14:18:06+00:00","dateModified":"2026-03-02T09:35:10+00:00","breadcrumb":{"@id":"https:\/\/www.lifesnap.ie\/ga\/accessibility-statement\/#breadcrumb"},"inLanguage":"ga","potentialAction":[{"@type":"ReadAction","target":["https:\/\/www.lifesnap.ie\/ga\/accessibility-statement\/"]}]},{"@type":"BreadcrumbList","@id":"https:\/\/www.lifesnap.ie\/ga\/accessibility-statement\/#breadcrumb","itemListElement":[{"@type":"ListItem","position":1,"name":"Home","item":"https:\/\/www.lifesnap.ie\/ga\/"},{"@type":"ListItem","position":2,"name":"Inrochtaineacht"}]},{"@type":"WebSite","@id":"https:\/\/www.lifesnap.ie\/ga\/#website","url":"https:\/\/www.lifesnap.ie\/ga\/","name":"LIFE Strategic Nature","description":"Ag Tac\u00fa le Plean Athch\u00f3irithe N\u00e1isi\u00fanta na h\u00c9ireann","publisher":{"@id":"https:\/\/www.lifesnap.ie\/ga\/#organization"},"potentialAction":[{"@type":"SearchAction","target":{"@type":"EntryPoint","urlTemplate":"https:\/\/www.lifesnap.ie\/ga\/?s={search_term_string}"},"query-input":{"@type":"PropertyValueSpecification","valueRequired":true,"valueName":"search_term_string"}}],"inLanguage":"ga"},{"@type":"Organization","@id":"https:\/\/www.lifesnap.ie\/ga\/#organization","name":"LIFE Strategic Nature","url":"https:\/\/www.lifesnap.ie\/ga\/","logo":{"@type":"ImageObject","inLanguage":"ga","@id":"https:\/\/www.lifesnap.ie\/ga\/#\/schema\/logo\/image\/","url":"https:\/\/www.lifesnap.ie\/app\/uploads\/2025\/12\/cropped-LIFE-Strategic-Nature-Logos-01.png","contentUrl":"https:\/\/www.lifesnap.ie\/app\/uploads\/2025\/12\/cropped-LIFE-Strategic-Nature-Logos-01.png","width":1920,"height":748,"caption":"LIFE Strategic Nature"},"image":{"@id":"https:\/\/www.lifesnap.ie\/ga\/#\/schema\/logo\/image\/"}}]}},"spectra_custom_meta":{"_top_nav_excluded":[""],"_cms_nav_minihome":[""],"_last_translation_edit_mode":["native-editor"],"_wpml_word_count":["708"],"_edit_lock":["1772444121:3"],"_wp_page_template":[""],"_edit_last":["3"],"cmplz_hide_cookiebanner":[""],"_yoast_wpseo_content_score":["90"],"_yoast_wpseo_estimated-reading-time-minutes":["3"],"_cmplz_scanned_post":["1"],"_uag_page_assets":["a:9:{s:3:\"css\";s:0:\"\";s:2:\"js\";s:0:\"\";s:18:\"current_block_list\";a:11:{i:0;s:12:\"core\/heading\";i:1;s:14:\"core\/paragraph\";i:2;s:9:\"core\/list\";i:3;s:14:\"core\/list-item\";i:4;s:17:\"core\/preformatted\";i:5;s:11:\"core\/search\";i:6;s:10:\"core\/group\";i:7;s:17:\"core\/latest-posts\";i:8;s:20:\"core\/latest-comments\";i:9;s:13:\"core\/archives\";i:10;s:15:\"core\/categories\";}s:8:\"uag_flag\";b:0;s:11:\"uag_version\";s:10:\"1775258479\";s:6:\"gfonts\";a:0:{}s:10:\"gfonts_url\";s:0:\"\";s:12:\"gfonts_files\";a:0:{}s:14:\"uag_faq_layout\";b:0;}"]},"uagb_featured_image_src":{"full":false,"thumbnail":false,"medium":false,"medium_large":false,"large":false,"1536x1536":false,"2048x2048":false},"uagb_author_info":{"display_name":"Tuguldur Batsaikhan","author_link":"https:\/\/www.lifesnap.ie\/ga\/author\/tuguldur-batsaikhan\/"},"uagb_comment_info":0,"uagb_excerpt":"LIFE Strategic Nature Website The LIFE SNaP Project is part of the Department of Housing, Local Government and Heritage \u2013 [&hellip;]","_links":{"self":[{"href":"https:\/\/www.lifesnap.ie\/ga\/wp-json\/wp\/v2\/pages\/523","targetHints":{"allow":["GET"]}}],"collection":[{"href":"https:\/\/www.lifesnap.ie\/ga\/wp-json\/wp\/v2\/pages"}],"about":[{"href":"https:\/\/www.lifesnap.ie\/ga\/wp-json\/wp\/v2\/types\/page"}],"author":[{"embeddable":true,"href":"https:\/\/www.lifesnap.ie\/ga\/wp-json\/wp\/v2\/users\/3"}],"replies":[{"embeddable":true,"href":"https:\/\/www.lifesnap.ie\/ga\/wp-json\/wp\/v2\/comments?post=523"}],"version-history":[{"count":7,"href":"https:\/\/www.lifesnap.ie\/ga\/wp-json\/wp\/v2\/pages\/523\/revisions"}],"predecessor-version":[{"id":740,"href":"https:\/\/www.lifesnap.ie\/ga\/wp-json\/wp\/v2\/pages\/523\/revisions\/740"}],"wp:attachment":[{"href":"https:\/\/www.lifesnap.ie\/ga\/wp-json\/wp\/v2\/media?parent=523"}],"curies":[{"name":"wp","href":"https:\/\/api.w.org\/{rel}","templated":true}]}}