{"id":521,"date":"2025-12-17T08:30:33","date_gmt":"2025-12-17T08:30:33","guid":{"rendered":"https:\/\/www.lifesnap.ie\/struchtur-an-tionscadail\/"},"modified":"2025-12-23T12:45:34","modified_gmt":"2025-12-23T12:45:34","slug":"struchtur-an-tionscadail","status":"publish","type":"page","link":"https:\/\/www.lifesnap.ie\/ga\/struchtur-an-tionscadail\/","title":{"rendered":"Strucht\u00far an Tionscadail"},"content":{"rendered":"\n<div class=\"wp-block-group alignfull is-layout-constrained wp-container-core-group-is-layout-c9f963f1 wp-block-group-is-layout-constrained\" style=\"padding-top:10px;padding-right:15px;padding-bottom:10px;padding-left:15px\">\n<div class=\"wp-block-columns alignfull is-layout-flex wp-container-core-columns-is-layout-2ef3a8e7 wp-block-columns-is-layout-flex\" style=\"padding-right:50px;padding-bottom:25px;padding-left:50px\">\n<div class=\"wp-block-column has-ast-global-color-5-background-color has-background is-layout-flow wp-block-column-is-layout-flow\" style=\"padding-top:10px;padding-right:10px;padding-bottom:10px;padding-left:10px\">\n<div class=\"wp-block-group is-vertical is-layout-flex wp-container-core-group-is-layout-fe9cc265 wp-block-group-is-layout-flex\">\n<div class=\"wp-block-uagb-image uagb-block-ced36706 wp-block-uagb-image--layout-default wp-block-uagb-image--effect-static wp-block-uagb-image--align-none structure-image\"><figure class=\"wp-block-uagb-image__figure\"><img decoding=\"async\"  sizes=\"auto, (max-width: 480px) 150px\" src=\"https:\/\/www.lifesnap.ie\/app\/uploads\/2025\/12\/IDP-structure-1024x716.png\" alt=\"L\u00e9ar\u00e1id ailtireachta sonra\u00ed\" width=\"1024\" height=\"716\" title=\"L\u00e9ar\u00e1id ailtireachta sonra\u00ed\" loading=\"lazy\" role=\"img\"\/><\/figure><\/div>\n\n\n\n<div class=\"wp-block-uagb-advanced-heading uagb-block-a1cfd78f\"><h2 class=\"uagb-heading-text\">Cro\u00edl\u00e1r 1<\/h2><\/div>\n\n\n\n<p class=\"has-text-color has-link-color wp-elements-dffc66f0eed4c7ca31b3d642b9ecf25c wp-container-content-1dabbf03\" style=\"color:#2e522e\"><strong>Ard\u00e1n Sonra\u00ed Comhth\u00e1ite &amp; Monat\u00f3ireacht Pailneoir\u00ed<\/strong><\/p>\n\n\n\n<p>Chun<strong>infhaighteacht<\/strong>, <strong>rochtain<\/strong> agus <strong>\u00fas\u00e1id <\/strong>sonra\u00ed ardchaighde\u00e1in a fheabhs\u00fa chun feasacht a choth\u00fa, monat\u00f3ireacht a dh\u00e9anamh ar bhearta athch\u00f3irithe, iad a thuairisci\u00fa agus a chur i bhfeidhm. Ar an Ard\u00e1n, beidh deaiseanna, map\u00e1il do gheallsealbh\u00f3ir\u00ed agus comh\u00e9adan poibl\u00ed, agus beidh siad go l\u00e9ir bunaithe ar ailtireacht, pr\u00f3isis agus caighde\u00e1in sonra\u00ed agus trealamh feidhmchl\u00e1ir agus sruthanna sonra\u00ed chun comhth\u00e1th\u00fa sonra\u00ed tras-Rialtais agus poibl\u00ed agus comhroinnt sonra\u00ed a \u00e9asc\u00fa. <\/p>\n\n\n\n<p><strong>Pac\u00e1iste Oibre 2: Ard\u00e1n Sonra\u00ed Comhth\u00e1ite<\/strong><\/p>\n\n\n\n<p><strong>Pac\u00e1iste Oibre 5: Cl\u00e1r Monat\u00f3ireachta Pailneoir\u00ed<\/strong><\/p>\n<\/div>\n<\/div>\n\n\n\n<div class=\"wp-block-column has-ast-global-color-5-background-color has-background is-layout-flow wp-block-column-is-layout-flow\" style=\"padding-top:10px;padding-right:10px;padding-bottom:10px;padding-left:10px\">\n<div class=\"wp-block-group is-vertical is-layout-flex wp-container-core-group-is-layout-fe9cc265 wp-block-group-is-layout-flex\">\n<div class=\"wp-block-uagb-image uagb-block-00bdd5fa wp-block-uagb-image--layout-default wp-block-uagb-image--effect-static wp-block-uagb-image--align-none structure-image\"><figure class=\"wp-block-uagb-image__figure\"><img decoding=\"async\"  sizes=\"auto, (max-width: 480px) 150px\" src=\"https:\/\/www.lifesnap.ie\/app\/uploads\/2025\/12\/gabriel-tovar-6DMcgvTD_-U-unsplash-1024x683.jpeg\" alt=\"Gn\u00e1th\u00f3g bhogaigh\" width=\"1024\" height=\"683\" title=\"Gn\u00e1th\u00f3g bhogaigh\" loading=\"lazy\" role=\"img\"\/><\/figure><\/div>\n\n\n\n<div class=\"wp-block-uagb-advanced-heading uagb-block-3a2aa04f\"><h2 class=\"uagb-heading-text\">Cro\u00edl\u00e1r 2<\/h2><\/div>\n\n\n\n<p class=\"has-text-color has-link-color wp-elements-2067137201546f4e78f416add1026f2e wp-container-content-1dabbf03\" style=\"color:#2e522e\"><strong><strong>Caomhn\u00fa agus Athch\u00f3iri\u00fa<\/strong><\/strong><\/p>\n\n\n\n<p>Gn\u00edomhartha maidir le tosa\u00edochta\u00ed PAF amhail murlaigh agus bratphortach agus bearta athch\u00f3irithe breise le sainaithint ag an Ard\u00e1n Sonra\u00ed Comhth\u00e1ite le haghaidh chur i bhfeidhm PAF i gCol\u00fan 1 agus le maoini\u00fa go d\u00edreach ag an SNaP agus ag maoini\u00fa a \u00fas\u00e1ideann an tAonad Maoinithe Comhl\u00e1ntach N\u00e1isi\u00fanta i gCol\u00fan 3.<\/p>\n\n\n\n<p><strong>Pac\u00e1iste Oibre 3: Athch\u00f3iri\u00fa<\/strong><\/p>\n<\/div>\n<\/div>\n\n\n\n<div class=\"wp-block-column has-ast-global-color-5-background-color has-background is-layout-flow wp-block-column-is-layout-flow\" style=\"padding-top:10px;padding-right:10px;padding-bottom:10px;padding-left:10px\">\n<div class=\"wp-block-group is-vertical is-layout-flex wp-container-core-group-is-layout-fe9cc265 wp-block-group-is-layout-flex\">\n<div class=\"wp-block-uagb-image uagb-block-d36ac622 wp-block-uagb-image--layout-default wp-block-uagb-image--effect-static wp-block-uagb-image--align-none structure-image\"><figure class=\"wp-block-uagb-image__figure\"><img decoding=\"async\"  sizes=\"auto, (max-width: 480px) 150px\" src=\"https:\/\/www.lifesnap.ie\/app\/uploads\/2025\/12\/ilona-bellotto-Wltdb2cBlC4-unsplash-1024x768.jpeg\" alt=\"Limist\u00e9ar bogaigh m\u00f3r\" width=\"1024\" height=\"768\" title=\"Limist\u00e9ar bogaigh m\u00f3r\" loading=\"lazy\" role=\"img\"\/><\/figure><\/div>\n\n\n\n<div class=\"wp-block-uagb-advanced-heading uagb-block-c3aa1d3f\"><h2 class=\"uagb-heading-text\">Cro\u00edl\u00e1r 3<\/h2><\/div>\n\n\n\n<p class=\"has-text-color has-link-color wp-elements-2a72f6ea129f27c219ed293d8edee84b wp-container-content-1dabbf03\" style=\"color:#2e522e\"><strong>Aonad Maoinithe Comhl\u00e1ntach N\u00e1isi\u00fanta<\/strong><\/p>\n\n\n\n<p>Chun cur i bhfeidhm ioml\u00e1n an PAF a thionscnamh tr\u00ed chur chuige feabhsaithe i leith comhord\u00fach\u00e1in agus tr\u00ed \u00fas\u00e1id a bhaint as maoini\u00fa comhl\u00e1ntach \u00f3 fhoins\u00ed maoinithe at\u00e1 ann cheana f\u00e9in agus \u00f3 fhoins\u00ed maoinithe nua araon.<\/p>\n\n\n\n<p><strong>Pac\u00e1iste Oibre 4: Aonad Maoinithe Comhl\u00e1ntach N\u00e1isi\u00fanta<\/strong><\/p>\n<\/div>\n<\/div>\n<\/div>\n<\/div>\n\n\n\n<div class=\"wp-block-group is-layout-constrained wp-container-core-group-is-layout-d22ff40a wp-block-group-is-layout-constrained\" style=\"padding-top:0px;padding-right:0px;padding-bottom:0px;padding-left:0px\">\n<div class=\"wp-block-uagb-image aligncenter uagb-block-7a426d54 wp-block-uagb-image--layout-default wp-block-uagb-image--effect-static wp-block-uagb-image--align-center\"><figure class=\"wp-block-uagb-image__figure\"><img decoding=\"async\"  sizes=\"auto, (max-width: 480px) 150px\" src=\"https:\/\/www.lifesnap.ie\/app\/uploads\/2025\/12\/Pillar-structure.png\" alt=\"L\u00e9ar\u00e1id a thugann breac-chuntas ar strucht\u00far Thionscadal D\u00falra Strait\u00e9iseach LIFE (SNaP)\" width=\"1011\" height=\"701\" title=\"LIFE (SNaP)\" loading=\"lazy\" role=\"img\"\/><\/figure><\/div>\n<\/div>\n","protected":false},"excerpt":{"rendered":"<p>Cro\u00edl\u00e1r 1 Ard\u00e1n Sonra\u00ed Comhth\u00e1ite &amp; Monat\u00f3ireacht Pailneoir\u00ed Chuninfhaighteacht, rochtain agus \u00fas\u00e1id sonra\u00ed ardchaighde\u00e1in a fheabhs\u00fa chun feasacht a choth\u00fa, [&hellip;]<\/p>\n","protected":false},"author":3,"featured_media":0,"parent":0,"menu_order":0,"comment_status":"closed","ping_status":"closed","template":"","meta":{"_uag_custom_page_level_css":"","site-sidebar-layout":"default","site-content-layout":"","ast-site-content-layout":"default","site-content-style":"default","site-sidebar-style":"default","ast-global-header-display":"","ast-banner-title-visibility":"","ast-main-header-display":"","ast-hfb-above-header-display":"","ast-hfb-below-header-display":"","ast-hfb-mobile-header-display":"","site-post-title":"","ast-breadcrumbs-content":"","ast-featured-img":"","footer-sml-layout":"","ast-disable-related-posts":"","theme-transparent-header-meta":"","adv-header-id-meta":"","stick-header-meta":"","header-above-stick-meta":"","header-main-stick-meta":"","header-below-stick-meta":"","astra-migrate-meta-layouts":"default","ast-page-background-enabled":"default","ast-page-background-meta":{"desktop":{"background-color":"var(--ast-global-color-5)","background-image":"","background-repeat":"repeat","background-position":"center center","background-size":"auto","background-attachment":"scroll","background-type":"","background-media":"","overlay-type":"","overlay-color":"","overlay-opacity":"","overlay-gradient":""},"tablet":{"background-color":"","background-image":"","background-repeat":"repeat","background-position":"center center","background-size":"auto","background-attachment":"scroll","background-type":"","background-media":"","overlay-type":"","overlay-color":"","overlay-opacity":"","overlay-gradient":""},"mobile":{"background-color":"","background-image":"","background-repeat":"repeat","background-position":"center center","background-size":"auto","background-attachment":"scroll","background-type":"","background-media":"","overlay-type":"","overlay-color":"","overlay-opacity":"","overlay-gradient":""}},"ast-content-background-meta":{"desktop":{"background-color":"var(--ast-global-color-4)","background-image":"","background-repeat":"repeat","background-position":"center center","background-size":"auto","background-attachment":"scroll","background-type":"","background-media":"","overlay-type":"","overlay-color":"","overlay-opacity":"","overlay-gradient":""},"tablet":{"background-color":"var(--ast-global-color-4)","background-image":"","background-repeat":"repeat","background-position":"center center","background-size":"auto","background-attachment":"scroll","background-type":"","background-media":"","overlay-type":"","overlay-color":"","overlay-opacity":"","overlay-gradient":""},"mobile":{"background-color":"var(--ast-global-color-4)","background-image":"","background-repeat":"repeat","background-position":"center center","background-size":"auto","background-attachment":"scroll","background-type":"","background-media":"","overlay-type":"","overlay-color":"","overlay-opacity":"","overlay-gradient":""}},"footnotes":""},"class_list":["post-521","page","type-page","status-publish","hentry"],"yoast_head":"<!-- This site is optimized with the Yoast SEO plugin v27.3 - https:\/\/yoast.com\/product\/yoast-seo-wordpress\/ -->\n<title>Strucht\u00far an Tionscadail - LIFE Strategic Nature<\/title>\n<meta name=\"robots\" content=\"index, follow, max-snippet:-1, max-image-preview:large, max-video-preview:-1\" \/>\n<link rel=\"canonical\" href=\"https:\/\/www.lifesnap.ie\/ga\/struchtur-an-tionscadail\/\" \/>\n<meta property=\"og:locale\" content=\"en_US\" \/>\n<meta property=\"og:type\" content=\"article\" \/>\n<meta property=\"og:title\" content=\"Strucht\u00far an Tionscadail - LIFE Strategic Nature\" \/>\n<meta property=\"og:description\" content=\"Cro\u00edl\u00e1r 1 Ard\u00e1n Sonra\u00ed Comhth\u00e1ite &amp; Monat\u00f3ireacht Pailneoir\u00ed Chuninfhaighteacht, rochtain agus \u00fas\u00e1id sonra\u00ed ardchaighde\u00e1in a fheabhs\u00fa chun feasacht a choth\u00fa, [&hellip;]\" \/>\n<meta property=\"og:url\" content=\"https:\/\/www.lifesnap.ie\/ga\/struchtur-an-tionscadail\/\" \/>\n<meta property=\"og:site_name\" content=\"LIFE Strategic Nature\" \/>\n<meta property=\"article:modified_time\" content=\"2025-12-23T12:45:34+00:00\" \/>\n<meta property=\"og:image\" content=\"https:\/\/www.lifesnap.ie\/app\/uploads\/2025\/12\/IDP-structure-1024x716.png\" \/>\n<meta name=\"twitter:card\" content=\"summary_large_image\" \/>\n<meta name=\"twitter:label1\" content=\"Est. reading time\" \/>\n\t<meta name=\"twitter:data1\" content=\"2 minutes\" \/>\n<script type=\"application\/ld+json\" class=\"yoast-schema-graph\">{\"@context\":\"https:\\\/\\\/schema.org\",\"@graph\":[{\"@type\":\"WebPage\",\"@id\":\"https:\\\/\\\/www.lifesnap.ie\\\/ga\\\/struchtur-an-tionscadail\\\/\",\"url\":\"https:\\\/\\\/www.lifesnap.ie\\\/ga\\\/struchtur-an-tionscadail\\\/\",\"name\":\"Strucht\u00far an Tionscadail - LIFE Strategic Nature\",\"isPartOf\":{\"@id\":\"https:\\\/\\\/www.lifesnap.ie\\\/ga\\\/#website\"},\"primaryImageOfPage\":{\"@id\":\"https:\\\/\\\/www.lifesnap.ie\\\/ga\\\/struchtur-an-tionscadail\\\/#primaryimage\"},\"image\":{\"@id\":\"https:\\\/\\\/www.lifesnap.ie\\\/ga\\\/struchtur-an-tionscadail\\\/#primaryimage\"},\"thumbnailUrl\":\"https:\\\/\\\/www.lifesnap.ie\\\/app\\\/uploads\\\/2025\\\/12\\\/IDP-structure-1024x716.png\",\"datePublished\":\"2025-12-17T08:30:33+00:00\",\"dateModified\":\"2025-12-23T12:45:34+00:00\",\"breadcrumb\":{\"@id\":\"https:\\\/\\\/www.lifesnap.ie\\\/ga\\\/struchtur-an-tionscadail\\\/#breadcrumb\"},\"inLanguage\":\"ga\",\"potentialAction\":[{\"@type\":\"ReadAction\",\"target\":[\"https:\\\/\\\/www.lifesnap.ie\\\/ga\\\/struchtur-an-tionscadail\\\/\"]}]},{\"@type\":\"ImageObject\",\"inLanguage\":\"ga\",\"@id\":\"https:\\\/\\\/www.lifesnap.ie\\\/ga\\\/struchtur-an-tionscadail\\\/#primaryimage\",\"url\":\"https:\\\/\\\/www.lifesnap.ie\\\/app\\\/uploads\\\/2025\\\/12\\\/IDP-structure-1024x716.png\",\"contentUrl\":\"https:\\\/\\\/www.lifesnap.ie\\\/app\\\/uploads\\\/2025\\\/12\\\/IDP-structure-1024x716.png\"},{\"@type\":\"BreadcrumbList\",\"@id\":\"https:\\\/\\\/www.lifesnap.ie\\\/ga\\\/struchtur-an-tionscadail\\\/#breadcrumb\",\"itemListElement\":[{\"@type\":\"ListItem\",\"position\":1,\"name\":\"Home\",\"item\":\"https:\\\/\\\/www.lifesnap.ie\\\/ga\\\/\"},{\"@type\":\"ListItem\",\"position\":2,\"name\":\"Strucht\u00far an Tionscadail\"}]},{\"@type\":\"WebSite\",\"@id\":\"https:\\\/\\\/www.lifesnap.ie\\\/ga\\\/#website\",\"url\":\"https:\\\/\\\/www.lifesnap.ie\\\/ga\\\/\",\"name\":\"LIFE Strategic Nature\",\"description\":\"Ag Tac\u00fa le Plean Athch\u00f3irithe N\u00e1isi\u00fanta na h\u00c9ireann\",\"publisher\":{\"@id\":\"https:\\\/\\\/www.lifesnap.ie\\\/ga\\\/#organization\"},\"potentialAction\":[{\"@type\":\"SearchAction\",\"target\":{\"@type\":\"EntryPoint\",\"urlTemplate\":\"https:\\\/\\\/www.lifesnap.ie\\\/ga\\\/?s={search_term_string}\"},\"query-input\":{\"@type\":\"PropertyValueSpecification\",\"valueRequired\":true,\"valueName\":\"search_term_string\"}}],\"inLanguage\":\"ga\"},{\"@type\":\"Organization\",\"@id\":\"https:\\\/\\\/www.lifesnap.ie\\\/ga\\\/#organization\",\"name\":\"LIFE Strategic Nature\",\"url\":\"https:\\\/\\\/www.lifesnap.ie\\\/ga\\\/\",\"logo\":{\"@type\":\"ImageObject\",\"inLanguage\":\"ga\",\"@id\":\"https:\\\/\\\/www.lifesnap.ie\\\/ga\\\/#\\\/schema\\\/logo\\\/image\\\/\",\"url\":\"https:\\\/\\\/www.lifesnap.ie\\\/app\\\/uploads\\\/2025\\\/12\\\/cropped-LIFE-Strategic-Nature-Logos-01.png\",\"contentUrl\":\"https:\\\/\\\/www.lifesnap.ie\\\/app\\\/uploads\\\/2025\\\/12\\\/cropped-LIFE-Strategic-Nature-Logos-01.png\",\"width\":1920,\"height\":748,\"caption\":\"LIFE Strategic Nature\"},\"image\":{\"@id\":\"https:\\\/\\\/www.lifesnap.ie\\\/ga\\\/#\\\/schema\\\/logo\\\/image\\\/\"}}]}<\/script>\n<!-- \/ Yoast SEO plugin. -->","yoast_head_json":{"title":"Strucht\u00far an Tionscadail - LIFE Strategic Nature","robots":{"index":"index","follow":"follow","max-snippet":"max-snippet:-1","max-image-preview":"max-image-preview:large","max-video-preview":"max-video-preview:-1"},"canonical":"https:\/\/www.lifesnap.ie\/ga\/struchtur-an-tionscadail\/","og_locale":"en_US","og_type":"article","og_title":"Strucht\u00far an Tionscadail - LIFE Strategic Nature","og_description":"Cro\u00edl\u00e1r 1 Ard\u00e1n Sonra\u00ed Comhth\u00e1ite &amp; Monat\u00f3ireacht Pailneoir\u00ed Chuninfhaighteacht, rochtain agus \u00fas\u00e1id sonra\u00ed ardchaighde\u00e1in a fheabhs\u00fa chun feasacht a choth\u00fa, [&hellip;]","og_url":"https:\/\/www.lifesnap.ie\/ga\/struchtur-an-tionscadail\/","og_site_name":"LIFE Strategic Nature","article_modified_time":"2025-12-23T12:45:34+00:00","og_image":[{"url":"https:\/\/www.lifesnap.ie\/app\/uploads\/2025\/12\/IDP-structure-1024x716.png","type":"","width":"","height":""}],"twitter_card":"summary_large_image","twitter_misc":{"Est. reading time":"2 minutes"},"schema":{"@context":"https:\/\/schema.org","@graph":[{"@type":"WebPage","@id":"https:\/\/www.lifesnap.ie\/ga\/struchtur-an-tionscadail\/","url":"https:\/\/www.lifesnap.ie\/ga\/struchtur-an-tionscadail\/","name":"Strucht\u00far an Tionscadail - LIFE Strategic Nature","isPartOf":{"@id":"https:\/\/www.lifesnap.ie\/ga\/#website"},"primaryImageOfPage":{"@id":"https:\/\/www.lifesnap.ie\/ga\/struchtur-an-tionscadail\/#primaryimage"},"image":{"@id":"https:\/\/www.lifesnap.ie\/ga\/struchtur-an-tionscadail\/#primaryimage"},"thumbnailUrl":"https:\/\/www.lifesnap.ie\/app\/uploads\/2025\/12\/IDP-structure-1024x716.png","datePublished":"2025-12-17T08:30:33+00:00","dateModified":"2025-12-23T12:45:34+00:00","breadcrumb":{"@id":"https:\/\/www.lifesnap.ie\/ga\/struchtur-an-tionscadail\/#breadcrumb"},"inLanguage":"ga","potentialAction":[{"@type":"ReadAction","target":["https:\/\/www.lifesnap.ie\/ga\/struchtur-an-tionscadail\/"]}]},{"@type":"ImageObject","inLanguage":"ga","@id":"https:\/\/www.lifesnap.ie\/ga\/struchtur-an-tionscadail\/#primaryimage","url":"https:\/\/www.lifesnap.ie\/app\/uploads\/2025\/12\/IDP-structure-1024x716.png","contentUrl":"https:\/\/www.lifesnap.ie\/app\/uploads\/2025\/12\/IDP-structure-1024x716.png"},{"@type":"BreadcrumbList","@id":"https:\/\/www.lifesnap.ie\/ga\/struchtur-an-tionscadail\/#breadcrumb","itemListElement":[{"@type":"ListItem","position":1,"name":"Home","item":"https:\/\/www.lifesnap.ie\/ga\/"},{"@type":"ListItem","position":2,"name":"Strucht\u00far an Tionscadail"}]},{"@type":"WebSite","@id":"https:\/\/www.lifesnap.ie\/ga\/#website","url":"https:\/\/www.lifesnap.ie\/ga\/","name":"LIFE Strategic Nature","description":"Ag Tac\u00fa le Plean Athch\u00f3irithe N\u00e1isi\u00fanta na h\u00c9ireann","publisher":{"@id":"https:\/\/www.lifesnap.ie\/ga\/#organization"},"potentialAction":[{"@type":"SearchAction","target":{"@type":"EntryPoint","urlTemplate":"https:\/\/www.lifesnap.ie\/ga\/?s={search_term_string}"},"query-input":{"@type":"PropertyValueSpecification","valueRequired":true,"valueName":"search_term_string"}}],"inLanguage":"ga"},{"@type":"Organization","@id":"https:\/\/www.lifesnap.ie\/ga\/#organization","name":"LIFE Strategic Nature","url":"https:\/\/www.lifesnap.ie\/ga\/","logo":{"@type":"ImageObject","inLanguage":"ga","@id":"https:\/\/www.lifesnap.ie\/ga\/#\/schema\/logo\/image\/","url":"https:\/\/www.lifesnap.ie\/app\/uploads\/2025\/12\/cropped-LIFE-Strategic-Nature-Logos-01.png","contentUrl":"https:\/\/www.lifesnap.ie\/app\/uploads\/2025\/12\/cropped-LIFE-Strategic-Nature-Logos-01.png","width":1920,"height":748,"caption":"LIFE Strategic Nature"},"image":{"@id":"https:\/\/www.lifesnap.ie\/ga\/#\/schema\/logo\/image\/"}}]}},"spectra_custom_meta":{"ast-main-header-display":[""],"ast-hfb-above-header-display":[""],"ast-hfb-below-header-display":[""],"ast-hfb-mobile-header-display":[""],"adv-header-id-meta":[""],"footer-sml-layout":[""],"stick-header-meta":[""],"header-main-stick-meta":[""],"header-above-stick-meta":[""],"header-below-stick-meta":[""],"site-post-title":[""],"site-sidebar-layout":["default"],"site-content-layout":[""],"ast-featured-img":[""],"ast-breadcrumbs-content":[""],"theme-transparent-header-meta":[""],"ast-banner-title-visibility":[""],"ast-global-header-display":[""],"ast-site-content-layout":["default"],"site-content-style":["default"],"site-sidebar-style":["default"],"_top_nav_excluded":[""],"_cms_nav_minihome":[""],"_last_translation_edit_mode":["native-editor"],"_wpml_word_count":["249"],"_wp_page_template":[""],"cmplz_hide_cookiebanner":[""],"_edit_lock":["1766495019:3"],"_edit_last":["3"],"_yoast_wpseo_content_score":["90"],"_yoast_wpseo_estimated-reading-time-minutes":["2"]},"uagb_featured_image_src":{"full":false,"thumbnail":false,"medium":false,"medium_large":false,"large":false,"1536x1536":false,"2048x2048":false},"uagb_author_info":{"display_name":"Tuguldur Batsaikhan","author_link":"https:\/\/www.lifesnap.ie\/ga\/author\/tuguldur-batsaikhan\/"},"uagb_comment_info":0,"uagb_excerpt":"Cro\u00edl\u00e1r 1 Ard\u00e1n Sonra\u00ed Comhth\u00e1ite &amp; Monat\u00f3ireacht Pailneoir\u00ed Chuninfhaighteacht, rochtain agus \u00fas\u00e1id sonra\u00ed ardchaighde\u00e1in a fheabhs\u00fa chun feasacht a choth\u00fa, [&hellip;]","_links":{"self":[{"href":"https:\/\/www.lifesnap.ie\/ga\/wp-json\/wp\/v2\/pages\/521","targetHints":{"allow":["GET"]}}],"collection":[{"href":"https:\/\/www.lifesnap.ie\/ga\/wp-json\/wp\/v2\/pages"}],"about":[{"href":"https:\/\/www.lifesnap.ie\/ga\/wp-json\/wp\/v2\/types\/page"}],"author":[{"embeddable":true,"href":"https:\/\/www.lifesnap.ie\/ga\/wp-json\/wp\/v2\/users\/3"}],"replies":[{"embeddable":true,"href":"https:\/\/www.lifesnap.ie\/ga\/wp-json\/wp\/v2\/comments?post=521"}],"version-history":[{"count":6,"href":"https:\/\/www.lifesnap.ie\/ga\/wp-json\/wp\/v2\/pages\/521\/revisions"}],"predecessor-version":[{"id":652,"href":"https:\/\/www.lifesnap.ie\/ga\/wp-json\/wp\/v2\/pages\/521\/revisions\/652"}],"wp:attachment":[{"href":"https:\/\/www.lifesnap.ie\/ga\/wp-json\/wp\/v2\/media?parent=521"}],"curies":[{"name":"wp","href":"https:\/\/api.w.org\/{rel}","templated":true}]}}